{"id":4188,"date":"2017-03-23T07:21:11","date_gmt":"2017-03-23T07:21:11","guid":{"rendered":"http:\/\/chefgordonramsayrecipe.com\/?page_id=4188"},"modified":"2024-10-31T10:37:28","modified_gmt":"2024-10-31T09:37:28","slug":"hm","status":"publish","type":"page","link":"https:\/\/chefgordonramsayrecipe.com\/swe\/","title":{"rendered":"Home1"},"content":{"rendered":"[vc_row][vc_column][vc_column_text]\n<div><strong>V\u00e4lkommen till kocken Gordon Ramsay Recept! Vi \u00e4r dedikerade till att ge dig autentiska recept direkt fr\u00e5n den legendariska kocken sj\u00e4lv.<\/strong><\/div>\n<div><\/div>\n<div>Fr\u00e5n hans signaturr\u00e4tter till de mindre k\u00e4nda kulinariska p\u00e4rlorna, utforska en v\u00e4rld av smak och finess. Oavsett om du \u00e4r en amat\u00f6rkock eller en erfaren kock, v\u00e4nder v\u00e5r kollektion till alla, vilket s\u00e4kerst\u00e4ller att du kan \u00e5terskapa magin i Gordon Ramsays k\u00f6k i ditt eget hem.<\/div>\n<div><\/div>\n<div>Dyk in och l\u00e5t din <a href=\"https:\/\/chefgordonramsayrecipe.com\/gordon-ramsays-crispy-salmon\/\">kulinariska resa b\u00f6rja<\/a>!<\/div>\n[\/vc_column_text][vc_custom_heading text=&#8221;Kocken Gordon Ramsay recept&#8221; use_theme_fonts=&#8221;yes&#8221;][vc_masonry_grid post_type=&#8221;post&#8221; max_items=&#8221;3&#8243; orderby=&#8221;rand&#8221; grid_id=&#8221;vc_gid:1730367441419-4b50e5c3-478e-7&#8243; taxonomies=&#8221;961, 82&#8243;][vc_video link=&#8221;https:\/\/www.youtube.com\/watch?v=ruZ_aP1PgTg&#8221;][\/vc_column][\/vc_row][vc_row][vc_column][\/vc_column][\/vc_row]\n","protected":false},"excerpt":{"rendered":"[vc_row][vc_column][vc_column_text] V\u00e4lkommen till kocken Gordon Ramsay Recept! Vi \u00e4r dedikerade till att ge dig autentiska recept direkt fr\u00e5n den legendariska kocken sj\u00e4lv. Fr\u00e5n hans signaturr\u00e4tter till de mindre k\u00e4nda kulinariska p\u00e4rlorna, utforska en v\u00e4rld av smak och finess. Oavsett om du \u00e4r en amat\u00f6rkock eller en erfaren kock, v\u00e4nder v\u00e5r kollektion till alla, vilket s\u00e4kerst\u00e4ller [&#8230;]\n","protected":false},"author":1,"featured_media":6486,"parent":0,"menu_order":0,"comment_status":"closed","ping_status":"closed","template":"","meta":{"footnotes":""},"class_list":["post-4188","page","type-page","status-publish","has-post-thumbnail","hentry"],"yoast_head":"<!-- This site is optimized with the Yoast SEO plugin v23.7 - https:\/\/yoast.com\/wordpress\/plugins\/seo\/ -->\n<title>Kocken Gordon Ramsay recept<\/title>\n<meta name=\"description\" content=\"Utforska en omfattande samling av kocken Gordon Ramsay-recept - signaturrecept p\u00e5 v\u00e5r sida. Fr\u00e5n hans Michelin-stj\u00e4rniga r\u00e4tter till enkla och ..\" \/>\n<meta name=\"robots\" content=\"index, follow, max-snippet:-1, max-image-preview:large, max-video-preview:-1\" \/>\n<link rel=\"canonical\" href=\"https:\/\/chefgordonramsayrecipe.com\/swe\/\" \/>\n<meta property=\"og:locale\" content=\"en_US\" \/>\n<meta property=\"og:type\" content=\"article\" \/>\n<meta property=\"og:title\" content=\"Kocken Gordon Ramsay recept\" \/>\n<meta property=\"og:description\" content=\"Utforska en omfattande samling av kocken Gordon Ramsay-recept - signaturrecept p\u00e5 v\u00e5r sida. Fr\u00e5n hans Michelin-stj\u00e4rniga r\u00e4tter till enkla och ..\" \/>\n<meta property=\"og:url\" content=\"https:\/\/chefgordonramsayrecipe.com\/swe\/\" \/>\n<meta property=\"og:site_name\" content=\"Kocken Gordon Ramsay recept\" \/>\n<meta property=\"article:modified_time\" content=\"2024-10-31T09:37:28+00:00\" \/>\n<meta property=\"og:image\" content=\"https:\/\/chefgordonramsayrecipe.com\/swe\/wp-content\/uploads\/2023\/08\/gordon-ramsay-humble-pie-1.jpg\" \/>\n\t<meta property=\"og:image:width\" content=\"649\" \/>\n\t<meta property=\"og:image:height\" content=\"1000\" \/>\n\t<meta property=\"og:image:type\" content=\"image\/jpeg\" \/>\n<meta name=\"twitter:card\" content=\"summary_large_image\" \/>\n<meta name=\"twitter:label1\" content=\"Est. reading time\" \/>\n\t<meta name=\"twitter:data1\" content=\"1 minute\" \/>\n<script type=\"application\/ld+json\" class=\"yoast-schema-graph\">{\"@context\":\"https:\/\/schema.org\",\"@graph\":[{\"@type\":\"WebPage\",\"@id\":\"https:\/\/chefgordonramsayrecipe.com\/swe\/\",\"url\":\"https:\/\/chefgordonramsayrecipe.com\/swe\/\",\"name\":\"Kocken Gordon Ramsay recept\",\"isPartOf\":{\"@id\":\"https:\/\/chefgordonramsayrecipe.com\/swe\/#website\"},\"primaryImageOfPage\":{\"@id\":\"https:\/\/chefgordonramsayrecipe.com\/swe\/#primaryimage\"},\"image\":{\"@id\":\"https:\/\/chefgordonramsayrecipe.com\/swe\/#primaryimage\"},\"thumbnailUrl\":\"https:\/\/chefgordonramsayrecipe.com\/swe\/wp-content\/uploads\/2023\/08\/gordon-ramsay-humble-pie-1.jpg\",\"datePublished\":\"2017-03-23T07:21:11+00:00\",\"dateModified\":\"2024-10-31T09:37:28+00:00\",\"description\":\"Utforska en omfattande samling av kocken Gordon Ramsay-recept - signaturrecept p\u00e5 v\u00e5r sida. Fr\u00e5n hans Michelin-stj\u00e4rniga r\u00e4tter till enkla och ..\",\"breadcrumb\":{\"@id\":\"https:\/\/chefgordonramsayrecipe.com\/swe\/#breadcrumb\"},\"inLanguage\":\"en-US\",\"potentialAction\":[{\"@type\":\"ReadAction\",\"target\":[\"https:\/\/chefgordonramsayrecipe.com\/swe\/\"]}]},{\"@type\":\"ImageObject\",\"inLanguage\":\"en-US\",\"@id\":\"https:\/\/chefgordonramsayrecipe.com\/swe\/#primaryimage\",\"url\":\"https:\/\/chefgordonramsayrecipe.com\/swe\/wp-content\/uploads\/2023\/08\/gordon-ramsay-humble-pie-1.jpg\",\"contentUrl\":\"https:\/\/chefgordonramsayrecipe.com\/swe\/wp-content\/uploads\/2023\/08\/gordon-ramsay-humble-pie-1.jpg\",\"width\":649,\"height\":1000,\"caption\":\"Gordon Ramsay Humble Pie\"},{\"@type\":\"BreadcrumbList\",\"@id\":\"https:\/\/chefgordonramsayrecipe.com\/swe\/#breadcrumb\",\"itemListElement\":[{\"@type\":\"ListItem\",\"position\":1,\"name\":\"Home\",\"item\":\"https:\/\/chefgordonramsayrecipe.com\/swe\/\"},{\"@type\":\"ListItem\",\"position\":2,\"name\":\"Home1\"}]},{\"@type\":\"WebSite\",\"@id\":\"https:\/\/chefgordonramsayrecipe.com\/swe\/#website\",\"url\":\"https:\/\/chefgordonramsayrecipe.com\/swe\/\",\"name\":\"Kocken Gordon Ramsay recept\",\"description\":\"B\u00e4sta matlagningsrecept, introduktion till h\u00e4lsosam mat\",\"publisher\":{\"@id\":\"https:\/\/chefgordonramsayrecipe.com\/swe\/#organization\"},\"potentialAction\":[{\"@type\":\"SearchAction\",\"target\":{\"@type\":\"EntryPoint\",\"urlTemplate\":\"https:\/\/chefgordonramsayrecipe.com\/swe\/?s={search_term_string}\"},\"query-input\":{\"@type\":\"PropertyValueSpecification\",\"valueRequired\":true,\"valueName\":\"search_term_string\"}}],\"inLanguage\":\"en-US\"},{\"@type\":\"Organization\",\"@id\":\"https:\/\/chefgordonramsayrecipe.com\/swe\/#organization\",\"name\":\"Kocken Gordon Ramsay recept\",\"url\":\"https:\/\/chefgordonramsayrecipe.com\/swe\/\",\"logo\":{\"@type\":\"ImageObject\",\"inLanguage\":\"en-US\",\"@id\":\"https:\/\/chefgordonramsayrecipe.com\/swe\/#\/schema\/logo\/image\/\",\"url\":\"https:\/\/chefgordonramsayrecipe.com\/swe\/wp-content\/uploads\/2024\/02\/Gordon-Ramsay-Style-Chicken-Parmesan-Ready-to-Serve-1.png\",\"contentUrl\":\"https:\/\/chefgordonramsayrecipe.com\/swe\/wp-content\/uploads\/2024\/02\/Gordon-Ramsay-Style-Chicken-Parmesan-Ready-to-Serve-1.png\",\"width\":1200,\"height\":600,\"caption\":\"Kocken Gordon Ramsay recept\"},\"image\":{\"@id\":\"https:\/\/chefgordonramsayrecipe.com\/swe\/#\/schema\/logo\/image\/\"}}]}<\/script>\n<!-- \/ Yoast SEO plugin. -->","yoast_head_json":{"title":"Kocken Gordon Ramsay recept","description":"Utforska en omfattande samling av kocken Gordon Ramsay-recept - signaturrecept p\u00e5 v\u00e5r sida. Fr\u00e5n hans Michelin-stj\u00e4rniga r\u00e4tter till enkla och ..","robots":{"index":"index","follow":"follow","max-snippet":"max-snippet:-1","max-image-preview":"max-image-preview:large","max-video-preview":"max-video-preview:-1"},"canonical":"https:\/\/chefgordonramsayrecipe.com\/swe\/","og_locale":"en_US","og_type":"article","og_title":"Kocken Gordon Ramsay recept","og_description":"Utforska en omfattande samling av kocken Gordon Ramsay-recept - signaturrecept p\u00e5 v\u00e5r sida. Fr\u00e5n hans Michelin-stj\u00e4rniga r\u00e4tter till enkla och ..","og_url":"https:\/\/chefgordonramsayrecipe.com\/swe\/","og_site_name":"Kocken Gordon Ramsay recept","article_modified_time":"2024-10-31T09:37:28+00:00","og_image":[{"width":649,"height":1000,"url":"https:\/\/chefgordonramsayrecipe.com\/swe\/wp-content\/uploads\/2023\/08\/gordon-ramsay-humble-pie-1.jpg","type":"image\/jpeg"}],"twitter_card":"summary_large_image","twitter_misc":{"Est. reading time":"1 minute"},"schema":{"@context":"https:\/\/schema.org","@graph":[{"@type":"WebPage","@id":"https:\/\/chefgordonramsayrecipe.com\/swe\/","url":"https:\/\/chefgordonramsayrecipe.com\/swe\/","name":"Kocken Gordon Ramsay recept","isPartOf":{"@id":"https:\/\/chefgordonramsayrecipe.com\/swe\/#website"},"primaryImageOfPage":{"@id":"https:\/\/chefgordonramsayrecipe.com\/swe\/#primaryimage"},"image":{"@id":"https:\/\/chefgordonramsayrecipe.com\/swe\/#primaryimage"},"thumbnailUrl":"https:\/\/chefgordonramsayrecipe.com\/swe\/wp-content\/uploads\/2023\/08\/gordon-ramsay-humble-pie-1.jpg","datePublished":"2017-03-23T07:21:11+00:00","dateModified":"2024-10-31T09:37:28+00:00","description":"Utforska en omfattande samling av kocken Gordon Ramsay-recept - signaturrecept p\u00e5 v\u00e5r sida. Fr\u00e5n hans Michelin-stj\u00e4rniga r\u00e4tter till enkla och ..","breadcrumb":{"@id":"https:\/\/chefgordonramsayrecipe.com\/swe\/#breadcrumb"},"inLanguage":"en-US","potentialAction":[{"@type":"ReadAction","target":["https:\/\/chefgordonramsayrecipe.com\/swe\/"]}]},{"@type":"ImageObject","inLanguage":"en-US","@id":"https:\/\/chefgordonramsayrecipe.com\/swe\/#primaryimage","url":"https:\/\/chefgordonramsayrecipe.com\/swe\/wp-content\/uploads\/2023\/08\/gordon-ramsay-humble-pie-1.jpg","contentUrl":"https:\/\/chefgordonramsayrecipe.com\/swe\/wp-content\/uploads\/2023\/08\/gordon-ramsay-humble-pie-1.jpg","width":649,"height":1000,"caption":"Gordon Ramsay Humble Pie"},{"@type":"BreadcrumbList","@id":"https:\/\/chefgordonramsayrecipe.com\/swe\/#breadcrumb","itemListElement":[{"@type":"ListItem","position":1,"name":"Home","item":"https:\/\/chefgordonramsayrecipe.com\/swe\/"},{"@type":"ListItem","position":2,"name":"Home1"}]},{"@type":"WebSite","@id":"https:\/\/chefgordonramsayrecipe.com\/swe\/#website","url":"https:\/\/chefgordonramsayrecipe.com\/swe\/","name":"Kocken Gordon Ramsay recept","description":"B\u00e4sta matlagningsrecept, introduktion till h\u00e4lsosam mat","publisher":{"@id":"https:\/\/chefgordonramsayrecipe.com\/swe\/#organization"},"potentialAction":[{"@type":"SearchAction","target":{"@type":"EntryPoint","urlTemplate":"https:\/\/chefgordonramsayrecipe.com\/swe\/?s={search_term_string}"},"query-input":{"@type":"PropertyValueSpecification","valueRequired":true,"valueName":"search_term_string"}}],"inLanguage":"en-US"},{"@type":"Organization","@id":"https:\/\/chefgordonramsayrecipe.com\/swe\/#organization","name":"Kocken Gordon Ramsay recept","url":"https:\/\/chefgordonramsayrecipe.com\/swe\/","logo":{"@type":"ImageObject","inLanguage":"en-US","@id":"https:\/\/chefgordonramsayrecipe.com\/swe\/#\/schema\/logo\/image\/","url":"https:\/\/chefgordonramsayrecipe.com\/swe\/wp-content\/uploads\/2024\/02\/Gordon-Ramsay-Style-Chicken-Parmesan-Ready-to-Serve-1.png","contentUrl":"https:\/\/chefgordonramsayrecipe.com\/swe\/wp-content\/uploads\/2024\/02\/Gordon-Ramsay-Style-Chicken-Parmesan-Ready-to-Serve-1.png","width":1200,"height":600,"caption":"Kocken Gordon Ramsay recept"},"image":{"@id":"https:\/\/chefgordonramsayrecipe.com\/swe\/#\/schema\/logo\/image\/"}}]}},"_links":{"self":[{"href":"https:\/\/chefgordonramsayrecipe.com\/swe\/wp-json\/wp\/v2\/pages\/4188","targetHints":{"allow":["GET"]}}],"collection":[{"href":"https:\/\/chefgordonramsayrecipe.com\/swe\/wp-json\/wp\/v2\/pages"}],"about":[{"href":"https:\/\/chefgordonramsayrecipe.com\/swe\/wp-json\/wp\/v2\/types\/page"}],"author":[{"embeddable":true,"href":"https:\/\/chefgordonramsayrecipe.com\/swe\/wp-json\/wp\/v2\/users\/1"}],"replies":[{"embeddable":true,"href":"https:\/\/chefgordonramsayrecipe.com\/swe\/wp-json\/wp\/v2\/comments?post=4188"}],"version-history":[{"count":3,"href":"https:\/\/chefgordonramsayrecipe.com\/swe\/wp-json\/wp\/v2\/pages\/4188\/revisions"}],"predecessor-version":[{"id":7204,"href":"https:\/\/chefgordonramsayrecipe.com\/swe\/wp-json\/wp\/v2\/pages\/4188\/revisions\/7204"}],"wp:featuredmedia":[{"embeddable":true,"href":"https:\/\/chefgordonramsayrecipe.com\/swe\/wp-json\/wp\/v2\/media\/6486"}],"wp:attachment":[{"href":"https:\/\/chefgordonramsayrecipe.com\/swe\/wp-json\/wp\/v2\/media?parent=4188"}],"curies":[{"name":"wp","href":"https:\/\/api.w.org\/{rel}","templated":true}]}}